{"id":1586,"date":"2023-09-08T11:05:51","date_gmt":"2023-09-08T11:05:51","guid":{"rendered":"https:\/\/horizonscroises.org\/?page_id=1586"},"modified":"2026-03-10T10:14:01","modified_gmt":"2026-03-10T10:14:01","slug":"les-zozotheriques","status":"publish","type":"page","link":"https:\/\/horizonscroises.org\/index.php\/les-zozotheriques\/","title":{"rendered":"Les Zozoth\u00e9riques"},"content":{"rendered":"\t\t<div data-elementor-type=\"wp-page\" data-elementor-id=\"1586\" class=\"elementor elementor-1586\">\n\t\t\t\t\t\t<section class=\"elementor-section elementor-top-section elementor-element elementor-element-73bc3e4a elementor-section-full_width qode_elementor_container_inner elementor-section-height-default elementor-section-height-default parallax_section_no\" data-id=\"73bc3e4a\" data-element_type=\"section\" data-e-type=\"section\">\n\t\t\t\t\t\t<div class=\"elementor-container elementor-column-gap-no\">\n\t\t\t\t\t<div class=\"elementor-column elementor-col-100 elementor-top-column elementor-element elementor-element-145201d8\" data-id=\"145201d8\" data-element_type=\"column\" data-e-type=\"column\">\n\t\t\t<div class=\"elementor-widget-wrap elementor-element-populated\">\n\t\t\t\t\t\t<div class=\"elementor-element elementor-element-16b5bc14 elementor-widget elementor-widget-text-editor\" data-id=\"16b5bc14\" data-element_type=\"widget\" data-e-type=\"widget\" data-widget_type=\"text-editor.default\">\n\t\t\t\t<div class=\"elementor-widget-container\">\n\t\t\t\t\t\t\t\t\t<h1>Les Zozoth\u00e9riques<\/h1>\t\t\t\t\t\t\t\t<\/div>\n\t\t\t\t<\/div>\n\t\t\t\t<div class=\"elementor-element elementor-element-1620272 elementor-widget elementor-widget-text-editor\" data-id=\"1620272\" data-element_type=\"widget\" data-e-type=\"widget\" data-widget_type=\"text-editor.default\">\n\t\t\t\t<div class=\"elementor-widget-container\">\n\t\t\t\t\t\t\t\t\t<p><b>\u00a0Une exploration d\u00e9cal\u00e9e des exc\u00e8s du d\u00e9veloppement personnel en entreprise<\/b><\/p>\t\t\t\t\t\t\t\t<\/div>\n\t\t\t\t<\/div>\n\t\t\t\t\t<\/div>\n\t\t<\/div>\n\t\t\t\t\t<\/div>\n\t\t<\/section>\n\t\t\t\t<section class=\"elementor-section elementor-top-section elementor-element elementor-element-dafcd90 elementor-section-full_width qode_elementor_container_inner elementor-section-height-default elementor-section-height-default parallax_section_no\" data-id=\"dafcd90\" data-element_type=\"section\" data-e-type=\"section\">\n\t\t\t\t\t\t<div class=\"elementor-container elementor-column-gap-no\">\n\t\t\t\t\t<div class=\"elementor-column elementor-col-50 elementor-top-column elementor-element elementor-element-22f3c92\" data-id=\"22f3c92\" data-element_type=\"column\" data-e-type=\"column\">\n\t\t\t<div class=\"elementor-widget-wrap elementor-element-populated\">\n\t\t\t\t\t\t<div class=\"elementor-element elementor-element-c235d14 animated-slow elementor-widget elementor-widget-image\" data-id=\"c235d14\" data-element_type=\"widget\" data-e-type=\"widget\" data-settings=\"{&quot;_animation&quot;:&quot;none&quot;,&quot;_animation_delay&quot;:100}\" data-widget_type=\"image.default\">\n\t\t\t\t<div class=\"elementor-widget-container\">\n\t\t\t\t\t\t\t\t\t\t\t\t\t\t\t<img fetchpriority=\"high\" decoding=\"async\" width=\"1920\" height=\"2560\" src=\"https:\/\/horizonscroises.org\/wp-content\/uploads\/2023\/09\/IMG_0361-scaled.jpeg\" class=\"attachment-full size-full wp-image-1588\" alt=\"\" srcset=\"https:\/\/horizonscroises.org\/wp-content\/uploads\/2023\/09\/IMG_0361-scaled.jpeg 1920w, https:\/\/horizonscroises.org\/wp-content\/uploads\/2023\/09\/IMG_0361-225x300.jpeg 225w, https:\/\/horizonscroises.org\/wp-content\/uploads\/2023\/09\/IMG_0361-768x1024.jpeg 768w, https:\/\/horizonscroises.org\/wp-content\/uploads\/2023\/09\/IMG_0361-1152x1536.jpeg 1152w, https:\/\/horizonscroises.org\/wp-content\/uploads\/2023\/09\/IMG_0361-1536x2048.jpeg 1536w, https:\/\/horizonscroises.org\/wp-content\/uploads\/2023\/09\/IMG_0361-600x800.jpeg 600w, https:\/\/horizonscroises.org\/wp-content\/uploads\/2023\/09\/IMG_0361-700x933.jpeg 700w\" sizes=\"(max-width: 1920px) 100vw, 1920px\" \/>\t\t\t\t\t\t\t\t\t\t\t\t\t\t\t<\/div>\n\t\t\t\t<\/div>\n\t\t\t\t\t<\/div>\n\t\t<\/div>\n\t\t\t\t<div class=\"elementor-column elementor-col-50 elementor-top-column elementor-element elementor-element-11090fa\" data-id=\"11090fa\" data-element_type=\"column\" data-e-type=\"column\">\n\t\t\t<div class=\"elementor-widget-wrap elementor-element-populated\">\n\t\t\t\t\t\t<div class=\"elementor-element elementor-element-c540694 elementor-widget elementor-widget-text-editor\" data-id=\"c540694\" data-element_type=\"widget\" data-e-type=\"widget\" data-widget_type=\"text-editor.default\">\n\t\t\t\t<div class=\"elementor-widget-container\">\n\t\t\t\t\t\t\t\t\t<h3>Notre promesse avec les Zozoth\u00e9riques :<\/h3>\t\t\t\t\t\t\t\t<\/div>\n\t\t\t\t<\/div>\n\t\t\t\t<div class=\"elementor-element elementor-element-e05e1d9 elementor-widget elementor-widget-text-editor\" data-id=\"e05e1d9\" data-element_type=\"widget\" data-e-type=\"widget\" data-widget_type=\"text-editor.default\">\n\t\t\t\t<div class=\"elementor-widget-container\">\n\t\t\t\t\t\t\t\t\t<p>Apporter, au c\u0153ur d\u2019une journ\u00e9e d\u00e9di\u00e9e au d\u00e9veloppement personnel ou \u00e0 la formation humaine, un moment d\u00e9cal\u00e9, intelligent et tr\u00e8s dr\u00f4le qui permet de prendre du recul sur les injonctions contemporaines \u00e0 l\u2019alignement, \u00e0 la performance \u00e9motionnelle et \u00e0 l\u2019optimisation de soi.<\/p>\t\t\t\t\t\t\t\t<\/div>\n\t\t\t\t<\/div>\n\t\t\t\t<div class=\"elementor-element elementor-element-8630563 elementor-widget elementor-widget-spacer\" data-id=\"8630563\" data-element_type=\"widget\" data-e-type=\"widget\" data-widget_type=\"spacer.default\">\n\t\t\t\t<div class=\"elementor-widget-container\">\n\t\t\t\t\t\t\t<div class=\"elementor-spacer\">\n\t\t\t<div class=\"elementor-spacer-inner\"><\/div>\n\t\t<\/div>\n\t\t\t\t\t\t<\/div>\n\t\t\t\t<\/div>\n\t\t\t\t<div class=\"elementor-element elementor-element-f1a1173 elementor-widget elementor-widget-text-editor\" data-id=\"f1a1173\" data-element_type=\"widget\" data-e-type=\"widget\" data-widget_type=\"text-editor.default\">\n\t\t\t\t<div class=\"elementor-widget-container\">\n\t\t\t\t\t\t\t\t\t<p><b>Les Zozoth\u00e9riques offrent une respiration salutaire.<\/b><\/p>\t\t\t\t\t\t\t\t<\/div>\n\t\t\t\t<\/div>\n\t\t\t\t<div class=\"elementor-element elementor-element-0f8ade6 elementor-widget elementor-widget-text-editor\" data-id=\"0f8ade6\" data-element_type=\"widget\" data-e-type=\"widget\" data-widget_type=\"text-editor.default\">\n\t\t\t\t<div class=\"elementor-widget-container\">\n\t\t\t\t\t\t\t\t\t<p>Un espace o\u00f9 l\u2019on peut rire des exc\u00e8s.<br \/>Sans nier les bienfaits.<br \/>Sans d\u00e9cr\u00e9dibiliser les intervenants.<br \/>Sans casser la dynamique de la journ\u00e9e.<\/p>\t\t\t\t\t\t\t\t<\/div>\n\t\t\t\t<\/div>\n\t\t\t\t<div class=\"elementor-element elementor-element-3ca75a4 elementor-widget elementor-widget-spacer\" data-id=\"3ca75a4\" data-element_type=\"widget\" data-e-type=\"widget\" data-widget_type=\"spacer.default\">\n\t\t\t\t<div class=\"elementor-widget-container\">\n\t\t\t\t\t\t\t<div class=\"elementor-spacer\">\n\t\t\t<div class=\"elementor-spacer-inner\"><\/div>\n\t\t<\/div>\n\t\t\t\t\t\t<\/div>\n\t\t\t\t<\/div>\n\t\t\t\t<div class=\"elementor-element elementor-element-4b91582 elementor-widget elementor-widget-text-editor\" data-id=\"4b91582\" data-element_type=\"widget\" data-e-type=\"widget\" data-widget_type=\"text-editor.default\">\n\t\t\t\t<div class=\"elementor-widget-container\">\n\t\t\t\t\t\t\t\t\t<h3>Ce que \u00e7a vous apporte :<\/h3>\t\t\t\t\t\t\t\t<\/div>\n\t\t\t\t<\/div>\n\t\t\t\t<div class=\"elementor-element elementor-element-86f2186 elementor-widget elementor-widget-text-editor\" data-id=\"86f2186\" data-element_type=\"widget\" data-e-type=\"widget\" data-widget_type=\"text-editor.default\">\n\t\t\t\t<div class=\"elementor-widget-container\">\n\t\t\t\t\t\t\t\t\t<p><b>\u2714 D\u00e9samorcer la pression implicite \u00e0 \u201c\u00eatre toujours au top\u201d<\/b><b><br \/><\/b><b>\u2714 Lib\u00e9rer une parole plus authentique<\/b><b><br \/><\/b><b>\u2714 Humaniser les concepts parfois th\u00e9oriques<\/b><b><br \/><\/b><b>\u2714 Cr\u00e9er un souvenir commun fort et f\u00e9d\u00e9rateur<\/b><b><br \/><\/b><b>\u2714 Renforcer l\u2019adh\u00e9sion au contenu de la formation<\/b><\/p>\t\t\t\t\t\t\t\t<\/div>\n\t\t\t\t<\/div>\n\t\t\t\t<div class=\"elementor-element elementor-element-88c6935 elementor-widget elementor-widget-spacer\" data-id=\"88c6935\" data-element_type=\"widget\" data-e-type=\"widget\" data-widget_type=\"spacer.default\">\n\t\t\t\t<div class=\"elementor-widget-container\">\n\t\t\t\t\t\t\t<div class=\"elementor-spacer\">\n\t\t\t<div class=\"elementor-spacer-inner\"><\/div>\n\t\t<\/div>\n\t\t\t\t\t\t<\/div>\n\t\t\t\t<\/div>\n\t\t\t\t<div class=\"elementor-element elementor-element-289e472 elementor-widget elementor-widget-text-editor\" data-id=\"289e472\" data-element_type=\"widget\" data-e-type=\"widget\" data-widget_type=\"text-editor.default\">\n\t\t\t\t<div class=\"elementor-widget-container\">\n\t\t\t\t\t\t\t\t\t<p>En riant ensemble, les \u00e9quipes rel\u00e2chent la tension.<br \/>Et reviennent aux sujets de fond avec plus de maturit\u00e9 et de sinc\u00e9rit\u00e9.<\/p>\t\t\t\t\t\t\t\t<\/div>\n\t\t\t\t<\/div>\n\t\t\t\t\t<\/div>\n\t\t<\/div>\n\t\t\t\t\t<\/div>\n\t\t<\/section>\n\t\t\t\t<section class=\"elementor-section elementor-top-section elementor-element elementor-element-627b2c4 elementor-section-full_width elementor-section-height-default elementor-section-height-default parallax_section_no qode_elementor_container_no\" data-id=\"627b2c4\" data-element_type=\"section\" data-e-type=\"section\">\n\t\t\t\t\t\t<div class=\"elementor-container elementor-column-gap-default\">\n\t\t\t\t\t<div class=\"elementor-column elementor-col-33 elementor-top-column elementor-element elementor-element-f86c9cb\" data-id=\"f86c9cb\" data-element_type=\"column\" data-e-type=\"column\">\n\t\t\t<div class=\"elementor-widget-wrap elementor-element-populated\">\n\t\t\t\t\t\t<div class=\"elementor-element elementor-element-579a771 elementor-widget elementor-widget-text-editor\" data-id=\"579a771\" data-element_type=\"widget\" data-e-type=\"widget\" data-widget_type=\"text-editor.default\">\n\t\t\t\t<div class=\"elementor-widget-container\">\n\t\t\t\t\t\t\t\t\t<h3>Proposition Artistique :<\/h3>\t\t\t\t\t\t\t\t<\/div>\n\t\t\t\t<\/div>\n\t\t\t\t<div class=\"elementor-element elementor-element-10639ab elementor-widget elementor-widget-text-editor\" data-id=\"10639ab\" data-element_type=\"widget\" data-e-type=\"widget\" data-widget_type=\"text-editor.default\">\n\t\t\t\t<div class=\"elementor-widget-container\">\n\t\t\t\t\t\t\t\t\t<p><span style=\"letter-spacing: normal;\"><span style=\"font-size: 18px;\">Et si vous faisiez connaissance avec Mahal et Amalric des Zozoth\u00e9riques \ud83d\ude42 !!!<\/span><\/span><\/p>\t\t\t\t\t\t\t\t<\/div>\n\t\t\t\t<\/div>\n\t\t\t\t<div class=\"elementor-element elementor-element-f107e52 elementor-widget elementor-widget-text-editor\" data-id=\"f107e52\" data-element_type=\"widget\" data-e-type=\"widget\" data-widget_type=\"text-editor.default\">\n\t\t\t\t<div class=\"elementor-widget-container\">\n\t\t\t\t\t\t\t\t\t<p><span style=\"letter-spacing: normal;\"><span style=\"font-size: 18px;\">Cr\u00e9e durant l&rsquo;\u00e9t\u00e9 2020 la Coop\u00e9r&rsquo;Active est un lieu de rencontre o\u00f9 se m\u00e9lange coop\u00e9rative bio, cours de yoga et stage de d\u00e9veloppement personnel.<br \/>Convaincus de l&rsquo;importance d&rsquo;\u00eatre 3 pour cr\u00e9er un tiers lieu, R\u00e9gis, Mahal et Amalric ont tr\u00e8s logiquement mis leurs comp\u00e9tences en synergie au service de l&rsquo;humain pour cr\u00e9er ce lieu, car c&rsquo;est vraiment leur truc : le ruissellement par l&rsquo;humain.<\/span><\/span><\/p>\t\t\t\t\t\t\t\t<\/div>\n\t\t\t\t<\/div>\n\t\t\t\t<div class=\"elementor-element elementor-element-f1b8fd6 elementor-widget elementor-widget-text-editor\" data-id=\"f1b8fd6\" data-element_type=\"widget\" data-e-type=\"widget\" data-widget_type=\"text-editor.default\">\n\t\t\t\t<div class=\"elementor-widget-container\">\n\t\t\t\t\t\t\t\t\t<p>De l&rsquo;entreprise au milieu scolaire, en s\u00e9minaire ou en stage immersifs, ils viennent in situ t\u00e9moigner de leur parcours collectif r\u00e9sum\u00e9 par un mantra qui leur est cher : \u00ab\u00a0collaboratif et \u00e9motions parlons-en !\u00a0\u00bb Collaboration, \u00e9coute, intelligencecollective, des valeurs qui leur sont ch\u00e8res&#8230; dommage, ils n&rsquo;en n&rsquo;ont pas un \u00e9chantillon sur eux !<\/p>\t\t\t\t\t\t\t\t<\/div>\n\t\t\t\t<\/div>\n\t\t\t\t\t<\/div>\n\t\t<\/div>\n\t\t\t\t<div class=\"elementor-column elementor-col-66 elementor-top-column elementor-element elementor-element-7b895d8\" data-id=\"7b895d8\" data-element_type=\"column\" data-e-type=\"column\">\n\t\t\t<div class=\"elementor-widget-wrap elementor-element-populated\">\n\t\t\t\t\t\t<div class=\"elementor-element elementor-element-5394a2a elementor-widget elementor-widget-video\" data-id=\"5394a2a\" data-element_type=\"widget\" data-e-type=\"widget\" data-settings=\"{&quot;youtube_url&quot;:&quot;https:\\\/\\\/www.youtube.com\\\/watch?v=B7otm33HXrw&quot;,&quot;video_type&quot;:&quot;youtube&quot;,&quot;controls&quot;:&quot;yes&quot;}\" data-widget_type=\"video.default\">\n\t\t\t\t<div class=\"elementor-widget-container\">\n\t\t\t\t\t\t\t<div class=\"elementor-wrapper elementor-open-inline\">\n\t\t\t<div class=\"elementor-video\"><\/div>\t\t<\/div>\n\t\t\t\t\t\t<\/div>\n\t\t\t\t<\/div>\n\t\t\t\t\t<\/div>\n\t\t<\/div>\n\t\t\t\t\t<\/div>\n\t\t<\/section>\n\t\t\t\t<section class=\"elementor-section elementor-top-section elementor-element elementor-element-21ffd05 elementor-section-boxed elementor-section-height-default elementor-section-height-default parallax_section_no qode_elementor_container_no\" data-id=\"21ffd05\" data-element_type=\"section\" data-e-type=\"section\">\n\t\t\t\t\t\t<div class=\"elementor-container elementor-column-gap-default\">\n\t\t\t\t\t<div class=\"elementor-column elementor-col-100 elementor-top-column elementor-element elementor-element-b92de5c\" data-id=\"b92de5c\" data-element_type=\"column\" data-e-type=\"column\">\n\t\t\t<div class=\"elementor-widget-wrap elementor-element-populated\">\n\t\t\t\t\t\t<div class=\"elementor-element elementor-element-7b2db0c elementor-widget elementor-widget-text-editor\" data-id=\"7b2db0c\" data-element_type=\"widget\" data-e-type=\"widget\" data-widget_type=\"text-editor.default\">\n\t\t\t\t<div class=\"elementor-widget-container\">\n\t\t\t\t\t\t\t\t\t<p>Dans cette cr\u00e9ation circassienne et th\u00e9\u00e2tralement d\u00e9cal\u00e9e, les 3 fondateurs de la Coop\u00e9r&rsquo;Active vous emm\u00e8neront dans leur vision paradoxale du d\u00e9veloppement personnel o\u00f9 la pratique ne rejoint jamais la th\u00e9orie, l\u00e0 o\u00f9 l&rsquo;\u00e9go rentre en collision perp\u00e9tuelle avec le spirituel. Ils vous montreront de fa\u00e7on tr\u00e8s touchante qu&rsquo;il est compliqu\u00e9 d&rsquo;\u00eatre un humain complet au travers d&rsquo;un t\u00e9moignage teint\u00e9 de mauvaise foi, de mont\u00e9es d&rsquo;\u00e9motions extravagantes et de certitudes dogmatiques obtues. Une tentative par l&rsquo;humour et la contradiction de vous montrer la voie de la spiritualit\u00e9.<\/p>\t\t\t\t\t\t\t\t<\/div>\n\t\t\t\t<\/div>\n\t\t\t\t\t<\/div>\n\t\t<\/div>\n\t\t\t\t\t<\/div>\n\t\t<\/section>\n\t\t\t\t<\/div>\n\t\t","protected":false},"excerpt":{"rendered":"<p>Les Zozoth\u00e9riques \u00a0Une exploration d\u00e9cal\u00e9e des exc\u00e8s du d\u00e9veloppement personnel en entreprise Notre promesse avec les Zozoth\u00e9riques : Apporter, au c\u0153ur d\u2019une journ\u00e9e d\u00e9di\u00e9e au d\u00e9veloppement personnel ou \u00e0 la formation humaine, un moment d\u00e9cal\u00e9, intelligent et tr\u00e8s dr\u00f4le qui permet de prendre du recul&#8230;<\/p>\n","protected":false},"author":2,"featured_media":0,"parent":0,"menu_order":0,"comment_status":"closed","ping_status":"closed","template":"full_width.php","meta":{"footnotes":""},"class_list":["post-1586","page","type-page","status-publish","hentry"],"_links":{"self":[{"href":"https:\/\/horizonscroises.org\/index.php\/wp-json\/wp\/v2\/pages\/1586","targetHints":{"allow":["GET"]}}],"collection":[{"href":"https:\/\/horizonscroises.org\/index.php\/wp-json\/wp\/v2\/pages"}],"about":[{"href":"https:\/\/horizonscroises.org\/index.php\/wp-json\/wp\/v2\/types\/page"}],"author":[{"embeddable":true,"href":"https:\/\/horizonscroises.org\/index.php\/wp-json\/wp\/v2\/users\/2"}],"replies":[{"embeddable":true,"href":"https:\/\/horizonscroises.org\/index.php\/wp-json\/wp\/v2\/comments?post=1586"}],"version-history":[{"count":18,"href":"https:\/\/horizonscroises.org\/index.php\/wp-json\/wp\/v2\/pages\/1586\/revisions"}],"predecessor-version":[{"id":2250,"href":"https:\/\/horizonscroises.org\/index.php\/wp-json\/wp\/v2\/pages\/1586\/revisions\/2250"}],"wp:attachment":[{"href":"https:\/\/horizonscroises.org\/index.php\/wp-json\/wp\/v2\/media?parent=1586"}],"curies":[{"name":"wp","href":"https:\/\/api.w.org\/{rel}","templated":true}]}}