{"id":1073,"date":"2022-10-31T14:11:31","date_gmt":"2022-10-31T14:11:31","guid":{"rendered":"https:\/\/hx.900k.fr\/?page_id=1073"},"modified":"2023-09-08T14:08:17","modified_gmt":"2023-09-08T14:08:17","slug":"les-divinites","status":"publish","type":"page","link":"https:\/\/horizonscroises.org\/index.php\/les-divinites\/","title":{"rendered":"Les Divinit\u00e9s"},"content":{"rendered":"\t\t<div data-elementor-type=\"wp-page\" data-elementor-id=\"1073\" class=\"elementor elementor-1073\">\n\t\t\t\t\t\t<section class=\"elementor-section elementor-top-section elementor-element elementor-element-73bc3e4a elementor-section-full_width qode_elementor_container_inner elementor-section-height-default elementor-section-height-default parallax_section_no\" data-id=\"73bc3e4a\" data-element_type=\"section\" data-e-type=\"section\">\n\t\t\t\t\t\t<div class=\"elementor-container elementor-column-gap-no\">\n\t\t\t\t\t<div class=\"elementor-column elementor-col-100 elementor-top-column elementor-element elementor-element-145201d8\" data-id=\"145201d8\" data-element_type=\"column\" data-e-type=\"column\">\n\t\t\t<div class=\"elementor-widget-wrap elementor-element-populated\">\n\t\t\t\t\t\t<div class=\"elementor-element elementor-element-16b5bc14 elementor-widget elementor-widget-text-editor\" data-id=\"16b5bc14\" data-element_type=\"widget\" data-e-type=\"widget\" data-widget_type=\"text-editor.default\">\n\t\t\t\t<div class=\"elementor-widget-container\">\n\t\t\t\t\t\t\t\t\t<h1>Les divinit\u00e9s<\/h1>\t\t\t\t\t\t\t\t<\/div>\n\t\t\t\t<\/div>\n\t\t\t\t<div class=\"elementor-element elementor-element-c429728 elementor-widget elementor-widget-text-editor\" data-id=\"c429728\" data-element_type=\"widget\" data-e-type=\"widget\" data-widget_type=\"text-editor.default\">\n\t\t\t\t<div class=\"elementor-widget-container\">\n\t\t\t\t\t\t\t\t\t<h5><span class=\"chapeau\">Quintet haut perch\u00e9<\/span><\/h5>\t\t\t\t\t\t\t\t<\/div>\n\t\t\t\t<\/div>\n\t\t\t\t\t<\/div>\n\t\t<\/div>\n\t\t\t\t\t<\/div>\n\t\t<\/section>\n\t\t\t\t<section class=\"elementor-section elementor-top-section elementor-element elementor-element-5e5da2d elementor-section-full_width qode_elementor_container_inner elementor-section-height-default elementor-section-height-default parallax_section_no\" data-id=\"5e5da2d\" data-element_type=\"section\" data-e-type=\"section\">\n\t\t\t\t\t\t<div class=\"elementor-container elementor-column-gap-no\">\n\t\t\t\t\t<div class=\"elementor-column elementor-col-50 elementor-top-column elementor-element elementor-element-1bac8ee\" data-id=\"1bac8ee\" data-element_type=\"column\" data-e-type=\"column\">\n\t\t\t<div class=\"elementor-widget-wrap elementor-element-populated\">\n\t\t\t\t\t\t<div class=\"elementor-element elementor-element-8cfaa0a animated-slow elementor-widget elementor-widget-image\" data-id=\"8cfaa0a\" data-element_type=\"widget\" data-e-type=\"widget\" data-settings=\"{&quot;_animation&quot;:&quot;none&quot;,&quot;_animation_delay&quot;:100}\" data-widget_type=\"image.default\">\n\t\t\t\t<div class=\"elementor-widget-container\">\n\t\t\t\t\t\t\t\t\t\t\t\t\t\t\t<img fetchpriority=\"high\" decoding=\"async\" width=\"1707\" height=\"2560\" src=\"https:\/\/horizonscroises.org\/wp-content\/uploads\/2022\/11\/Divinites-Dionysos-Echassier-pneumatique-parade-scaled.jpg\" class=\"attachment-full size-full wp-image-1146\" alt=\"\" srcset=\"https:\/\/horizonscroises.org\/wp-content\/uploads\/2022\/11\/Divinites-Dionysos-Echassier-pneumatique-parade-scaled.jpg 1707w, https:\/\/horizonscroises.org\/wp-content\/uploads\/2022\/11\/Divinites-Dionysos-Echassier-pneumatique-parade-200x300.jpg 200w, https:\/\/horizonscroises.org\/wp-content\/uploads\/2022\/11\/Divinites-Dionysos-Echassier-pneumatique-parade-683x1024.jpg 683w, https:\/\/horizonscroises.org\/wp-content\/uploads\/2022\/11\/Divinites-Dionysos-Echassier-pneumatique-parade-768x1152.jpg 768w, https:\/\/horizonscroises.org\/wp-content\/uploads\/2022\/11\/Divinites-Dionysos-Echassier-pneumatique-parade-1024x1536.jpg 1024w, https:\/\/horizonscroises.org\/wp-content\/uploads\/2022\/11\/Divinites-Dionysos-Echassier-pneumatique-parade-1365x2048.jpg 1365w, https:\/\/horizonscroises.org\/wp-content\/uploads\/2022\/11\/Divinites-Dionysos-Echassier-pneumatique-parade-700x1050.jpg 700w\" sizes=\"(max-width: 1707px) 100vw, 1707px\" \/>\t\t\t\t\t\t\t\t\t\t\t\t\t\t\t<\/div>\n\t\t\t\t<\/div>\n\t\t\t\t\t<\/div>\n\t\t<\/div>\n\t\t\t\t<div class=\"elementor-column elementor-col-50 elementor-top-column elementor-element elementor-element-5faed49\" data-id=\"5faed49\" data-element_type=\"column\" data-e-type=\"column\">\n\t\t\t<div class=\"elementor-widget-wrap elementor-element-populated\">\n\t\t\t\t\t\t<div class=\"elementor-element elementor-element-f310473 elementor-widget elementor-widget-text-editor\" data-id=\"f310473\" data-element_type=\"widget\" data-e-type=\"widget\" data-widget_type=\"text-editor.default\">\n\t\t\t\t<div class=\"elementor-widget-container\">\n\t\t\t\t\t\t\t\t\t<h3>Cr\u00e9atures grandioses<\/h3>\t\t\t\t\t\t\t\t<\/div>\n\t\t\t\t<\/div>\n\t\t\t\t<div class=\"elementor-element elementor-element-502af2e elementor-widget elementor-widget-text-editor\" data-id=\"502af2e\" data-element_type=\"widget\" data-e-type=\"widget\" data-widget_type=\"text-editor.default\">\n\t\t\t\t<div class=\"elementor-widget-container\">\n\t\t\t\t\t\t\t\t\t<p>Tour \u00e0 tour en mouvement ou investissant une place, Aphrodite, Herm\u00e8s, H\u00e9pha\u00efstos, Dionysos et l\u2019imposant Kronos sont r\u00e9unis pour une promenade \u00e9mouvante et grandiose. Ils ont parcouru les si\u00e8cles au sein de l\u2019humanit\u00e9, incarnant ses d\u00e9fauts comme ses qualit\u00e9s. Leurs talents et leur f\u00e9\u00e9rie sont sans limite, et mieux vaut le voir pour le croire !<\/p>\t\t\t\t\t\t\t\t<\/div>\n\t\t\t\t<\/div>\n\t\t\t\t<div class=\"elementor-element elementor-element-0e91af5 elementor-widget elementor-widget-text-editor\" data-id=\"0e91af5\" data-element_type=\"widget\" data-e-type=\"widget\" data-widget_type=\"text-editor.default\">\n\t\t\t\t<div class=\"elementor-widget-container\">\n\t\t\t\t\t\t\t\t\t<p>S\u2019ils poss\u00e8dent des pouvoirs, c\u2019est avant tout ceux qu\u2019ils peuvent partager : jonglerie, acrobaties et \u00e9chasses vous impressionneront tout on long du parcours. Ils entra\u00eenent la foule dans leur sillage afin de conter leurs voyages, leurs passions, leurs lutes et leurs aventures. Laissez nos cinq Divinit\u00e9s vous offrir un morceau de leur \u00e9ternit\u00e9 !<\/p>\t\t\t\t\t\t\t\t<\/div>\n\t\t\t\t<\/div>\n\t\t\t\t\t<\/div>\n\t\t<\/div>\n\t\t\t\t\t<\/div>\n\t\t<\/section>\n\t\t\t\t<section class=\"elementor-section elementor-top-section elementor-element elementor-element-1e45eb6a qode_elementor_container_inner elementor-section-boxed elementor-section-height-default elementor-section-height-default parallax_section_no\" data-id=\"1e45eb6a\" data-element_type=\"section\" data-e-type=\"section\">\n\t\t\t\t\t\t<div class=\"elementor-container elementor-column-gap-default\">\n\t\t\t\t\t<div class=\"elementor-column elementor-col-100 elementor-top-column elementor-element elementor-element-7dc61870\" data-id=\"7dc61870\" data-element_type=\"column\" data-e-type=\"column\">\n\t\t\t<div class=\"elementor-widget-wrap elementor-element-populated\">\n\t\t\t\t\t\t<div class=\"elementor-element elementor-element-fb179d4 elementor-widget elementor-widget-video\" data-id=\"fb179d4\" data-element_type=\"widget\" data-e-type=\"widget\" data-settings=\"{&quot;youtube_url&quot;:&quot;https:\\\/\\\/youtu.be\\\/WyEPskOPuKE&quot;,&quot;video_type&quot;:&quot;youtube&quot;,&quot;controls&quot;:&quot;yes&quot;}\" data-widget_type=\"video.default\">\n\t\t\t\t<div class=\"elementor-widget-container\">\n\t\t\t\t\t\t\t<div class=\"elementor-wrapper elementor-open-inline\">\n\t\t\t<div class=\"elementor-video\"><\/div>\t\t<\/div>\n\t\t\t\t\t\t<\/div>\n\t\t\t\t<\/div>\n\t\t\t\t\t<\/div>\n\t\t<\/div>\n\t\t\t\t\t<\/div>\n\t\t<\/section>\n\t\t\t\t<section class=\"elementor-section elementor-top-section elementor-element elementor-element-6199c06 elementor-section-full_width qode_elementor_container_inner elementor-section-height-default elementor-section-height-default parallax_section_no\" data-id=\"6199c06\" data-element_type=\"section\" data-e-type=\"section\">\n\t\t\t\t\t\t<div class=\"elementor-container elementor-column-gap-no\">\n\t\t\t\t\t<div class=\"elementor-column elementor-col-100 elementor-top-column elementor-element elementor-element-4c1f447\" data-id=\"4c1f447\" data-element_type=\"column\" data-e-type=\"column\">\n\t\t\t<div class=\"elementor-widget-wrap elementor-element-populated\">\n\t\t\t\t\t\t<div class=\"elementor-element elementor-element-10c7203 elementor-widget elementor-widget-qi_addons_for_elementor_image_gallery_masonry\" data-id=\"10c7203\" data-element_type=\"widget\" data-e-type=\"widget\" data-widget_type=\"qi_addons_for_elementor_image_gallery_masonry.default\">\n\t\t\t\t<div class=\"elementor-widget-container\">\n\t\t\t\t\t<div class=\"qodef-shortcode qodef-m qodef-qi-image-gallery-masonry qodef-qi-fslightbox-popup qodef-popup-gallery qodef-image--hover-zoom qodef-qi-grid qodef-layout--qi-masonry qodef-items--fixed qodef-col-num--3 qodef-responsive--predefined\">\n\t<div class=\"qodef-grid-inner\">\n\t\t\t<div class=\"qodef-qi-grid-masonry-sizer\"><\/div>\n<div class=\"qodef-e qodef-image-wrapper qodef-grid-item qodef-item--landscape\">\n\t<div class=\"qodef-e-inner\">\n\t\t\t\t\t<a class=\"qodef-popup-item\" itemprop=\"image\" href=\"https:\/\/horizonscroises.org\/wp-content\/uploads\/2022\/11\/Divinites-aphrodite-ailes-sur-ciel-bleu.jpg\" data-type=\"image\" data-fslightbox=\"gallery-1\">\n\t\t\t\t\t<img decoding=\"async\" width=\"1080\" height=\"650\" src=\"https:\/\/horizonscroises.org\/wp-content\/uploads\/2022\/11\/Divinites-aphrodite-ailes-sur-ciel-bleu-1080x650.jpg\" class=\"attachment-qi_addons_for_elementor_image_size_landscape size-qi_addons_for_elementor_image_size_landscape\" alt=\"\" \/>\t\t\t\t\t<\/a>\n\t\t\t<\/div>\n<\/div>\n<div class=\"qodef-e qodef-image-wrapper qodef-grid-item qodef-item--portrait\">\n\t<div class=\"qodef-e-inner\">\n\t\t\t\t\t<a class=\"qodef-popup-item\" itemprop=\"image\" href=\"https:\/\/horizonscroises.org\/wp-content\/uploads\/2022\/11\/Divinites-Hephaistos-jongleur-comedien.jpg\" data-type=\"image\" data-fslightbox=\"gallery-1\">\n\t\t\t\t\t<img decoding=\"async\" width=\"650\" height=\"1300\" src=\"https:\/\/horizonscroises.org\/wp-content\/uploads\/2022\/11\/Divinites-Hephaistos-jongleur-comedien-650x1300.jpg\" class=\"attachment-qi_addons_for_elementor_image_size_portrait size-qi_addons_for_elementor_image_size_portrait\" alt=\"\" srcset=\"https:\/\/horizonscroises.org\/wp-content\/uploads\/2022\/11\/Divinites-Hephaistos-jongleur-comedien-650x1300.jpg 650w, https:\/\/horizonscroises.org\/wp-content\/uploads\/2022\/11\/Divinites-Hephaistos-jongleur-comedien-500x1000.jpg 500w\" sizes=\"(max-width: 650px) 100vw, 650px\" \/>\t\t\t\t\t<\/a>\n\t\t\t<\/div>\n<\/div>\n<div class=\"qodef-e qodef-image-wrapper qodef-grid-item qodef-item--\">\n\t<div class=\"qodef-e-inner\">\n\t\t\t\t\t<a class=\"qodef-popup-item\" itemprop=\"image\" href=\"https:\/\/horizonscroises.org\/wp-content\/uploads\/2022\/11\/Divinites-Echassier-pneumatique-acrobatie-Parade-scaled.jpg\" data-type=\"image\" data-fslightbox=\"gallery-1\">\n\t\t\t\t\t<img loading=\"lazy\" decoding=\"async\" width=\"1707\" height=\"2560\" src=\"https:\/\/horizonscroises.org\/wp-content\/uploads\/2022\/11\/Divinites-Echassier-pneumatique-acrobatie-Parade-scaled.jpg\" class=\"attachment- size-\" alt=\"\" srcset=\"https:\/\/horizonscroises.org\/wp-content\/uploads\/2022\/11\/Divinites-Echassier-pneumatique-acrobatie-Parade-scaled.jpg 1707w, https:\/\/horizonscroises.org\/wp-content\/uploads\/2022\/11\/Divinites-Echassier-pneumatique-acrobatie-Parade-200x300.jpg 200w, https:\/\/horizonscroises.org\/wp-content\/uploads\/2022\/11\/Divinites-Echassier-pneumatique-acrobatie-Parade-683x1024.jpg 683w, https:\/\/horizonscroises.org\/wp-content\/uploads\/2022\/11\/Divinites-Echassier-pneumatique-acrobatie-Parade-768x1152.jpg 768w, https:\/\/horizonscroises.org\/wp-content\/uploads\/2022\/11\/Divinites-Echassier-pneumatique-acrobatie-Parade-1024x1536.jpg 1024w, https:\/\/horizonscroises.org\/wp-content\/uploads\/2022\/11\/Divinites-Echassier-pneumatique-acrobatie-Parade-1365x2048.jpg 1365w, https:\/\/horizonscroises.org\/wp-content\/uploads\/2022\/11\/Divinites-Echassier-pneumatique-acrobatie-Parade-700x1050.jpg 700w\" sizes=\"(max-width: 1707px) 100vw, 1707px\" \/>\t\t\t\t\t<\/a>\n\t\t\t<\/div>\n<\/div>\n<div class=\"qodef-e qodef-image-wrapper qodef-grid-item qodef-item--portrait\">\n\t<div class=\"qodef-e-inner\">\n\t\t\t\t\t<a class=\"qodef-popup-item\" itemprop=\"image\" href=\"https:\/\/horizonscroises.org\/wp-content\/uploads\/2022\/11\/Divinites-Kronos-echasses-4-pattes.jpg\" data-type=\"image\" data-fslightbox=\"gallery-1\">\n\t\t\t\t\t<img loading=\"lazy\" decoding=\"async\" width=\"650\" height=\"1300\" src=\"https:\/\/horizonscroises.org\/wp-content\/uploads\/2022\/11\/Divinites-Kronos-echasses-4-pattes-650x1300.jpg\" class=\"attachment-qi_addons_for_elementor_image_size_portrait size-qi_addons_for_elementor_image_size_portrait\" alt=\"\" srcset=\"https:\/\/horizonscroises.org\/wp-content\/uploads\/2022\/11\/Divinites-Kronos-echasses-4-pattes-650x1300.jpg 650w, https:\/\/horizonscroises.org\/wp-content\/uploads\/2022\/11\/Divinites-Kronos-echasses-4-pattes-500x1000.jpg 500w\" sizes=\"(max-width: 650px) 100vw, 650px\" \/>\t\t\t\t\t<\/a>\n\t\t\t<\/div>\n<\/div>\n<div class=\"qodef-e qodef-image-wrapper qodef-grid-item qodef-item--landscape\">\n\t<div class=\"qodef-e-inner\">\n\t\t\t\t\t<a class=\"qodef-popup-item\" itemprop=\"image\" href=\"https:\/\/horizonscroises.org\/wp-content\/uploads\/2022\/11\/Divinites-aphrodithe-dionysos.jpg\" data-type=\"image\" data-fslightbox=\"gallery-1\">\n\t\t\t\t\t<img loading=\"lazy\" decoding=\"async\" width=\"1080\" height=\"650\" src=\"https:\/\/horizonscroises.org\/wp-content\/uploads\/2022\/11\/Divinites-aphrodithe-dionysos-1080x650.jpg\" class=\"attachment-qi_addons_for_elementor_image_size_landscape size-qi_addons_for_elementor_image_size_landscape\" alt=\"\" \/>\t\t\t\t\t<\/a>\n\t\t\t<\/div>\n<\/div>\n<div class=\"qodef-e qodef-image-wrapper qodef-grid-item qodef-item--\">\n\t<div class=\"qodef-e-inner\">\n\t\t\t\t\t<a class=\"qodef-popup-item\" itemprop=\"image\" href=\"https:\/\/horizonscroises.org\/wp-content\/uploads\/2022\/11\/Divinites-famille-char-echassiers.jpg\" data-type=\"image\" data-fslightbox=\"gallery-1\">\n\t\t\t\t\t<img loading=\"lazy\" decoding=\"async\" width=\"1080\" height=\"720\" src=\"https:\/\/horizonscroises.org\/wp-content\/uploads\/2022\/11\/Divinites-famille-char-echassiers.jpg\" class=\"attachment- size-\" alt=\"\" srcset=\"https:\/\/horizonscroises.org\/wp-content\/uploads\/2022\/11\/Divinites-famille-char-echassiers.jpg 1080w, https:\/\/horizonscroises.org\/wp-content\/uploads\/2022\/11\/Divinites-famille-char-echassiers-300x200.jpg 300w, https:\/\/horizonscroises.org\/wp-content\/uploads\/2022\/11\/Divinites-famille-char-echassiers-1024x683.jpg 1024w, https:\/\/horizonscroises.org\/wp-content\/uploads\/2022\/11\/Divinites-famille-char-echassiers-768x512.jpg 768w, https:\/\/horizonscroises.org\/wp-content\/uploads\/2022\/11\/Divinites-famille-char-echassiers-700x467.jpg 700w\" sizes=\"(max-width: 1080px) 100vw, 1080px\" \/>\t\t\t\t\t<\/a>\n\t\t\t<\/div>\n<\/div>\n<div class=\"qodef-e qodef-image-wrapper qodef-grid-item qodef-item--\">\n\t<div class=\"qodef-e-inner\">\n\t\t\t\t\t<a class=\"qodef-popup-item\" itemprop=\"image\" href=\"https:\/\/horizonscroises.org\/wp-content\/uploads\/2022\/11\/Divinites-Aphrodite-Echasses-Parade-scaled.jpg\" data-type=\"image\" data-fslightbox=\"gallery-1\">\n\t\t\t\t\t<img loading=\"lazy\" decoding=\"async\" width=\"1707\" height=\"2560\" src=\"https:\/\/horizonscroises.org\/wp-content\/uploads\/2022\/11\/Divinites-Aphrodite-Echasses-Parade-scaled.jpg\" class=\"attachment- size-\" alt=\"\" srcset=\"https:\/\/horizonscroises.org\/wp-content\/uploads\/2022\/11\/Divinites-Aphrodite-Echasses-Parade-scaled.jpg 1707w, https:\/\/horizonscroises.org\/wp-content\/uploads\/2022\/11\/Divinites-Aphrodite-Echasses-Parade-200x300.jpg 200w, https:\/\/horizonscroises.org\/wp-content\/uploads\/2022\/11\/Divinites-Aphrodite-Echasses-Parade-683x1024.jpg 683w, https:\/\/horizonscroises.org\/wp-content\/uploads\/2022\/11\/Divinites-Aphrodite-Echasses-Parade-768x1152.jpg 768w, https:\/\/horizonscroises.org\/wp-content\/uploads\/2022\/11\/Divinites-Aphrodite-Echasses-Parade-1024x1536.jpg 1024w, https:\/\/horizonscroises.org\/wp-content\/uploads\/2022\/11\/Divinites-Aphrodite-Echasses-Parade-1365x2048.jpg 1365w, https:\/\/horizonscroises.org\/wp-content\/uploads\/2022\/11\/Divinites-Aphrodite-Echasses-Parade-700x1050.jpg 700w\" sizes=\"(max-width: 1707px) 100vw, 1707px\" \/>\t\t\t\t\t<\/a>\n\t\t\t<\/div>\n<\/div>\n<div class=\"qodef-e qodef-image-wrapper qodef-grid-item qodef-item--\">\n\t<div class=\"qodef-e-inner\">\n\t\t\t\t\t<a class=\"qodef-popup-item\" itemprop=\"image\" href=\"https:\/\/horizonscroises.org\/wp-content\/uploads\/2022\/11\/Divinites-10.jpg\" data-type=\"image\" data-fslightbox=\"gallery-1\">\n\t\t\t\t\t<img loading=\"lazy\" decoding=\"async\" width=\"1080\" height=\"721\" src=\"https:\/\/horizonscroises.org\/wp-content\/uploads\/2022\/11\/Divinites-10.jpg\" class=\"attachment- size-\" alt=\"\" srcset=\"https:\/\/horizonscroises.org\/wp-content\/uploads\/2022\/11\/Divinites-10.jpg 1080w, https:\/\/horizonscroises.org\/wp-content\/uploads\/2022\/11\/Divinites-10-300x200.jpg 300w, https:\/\/horizonscroises.org\/wp-content\/uploads\/2022\/11\/Divinites-10-1024x684.jpg 1024w, https:\/\/horizonscroises.org\/wp-content\/uploads\/2022\/11\/Divinites-10-768x513.jpg 768w, https:\/\/horizonscroises.org\/wp-content\/uploads\/2022\/11\/Divinites-10-700x467.jpg 700w\" sizes=\"(max-width: 1080px) 100vw, 1080px\" \/>\t\t\t\t\t<\/a>\n\t\t\t<\/div>\n<\/div>\n\t<\/div>\n<\/div>\n\t\t\t\t<\/div>\n\t\t\t\t<\/div>\n\t\t\t\t\t<\/div>\n\t\t<\/div>\n\t\t\t\t\t<\/div>\n\t\t<\/section>\n\t\t\t\t<\/div>\n\t\t","protected":false},"excerpt":{"rendered":"<p>Les divinit\u00e9s Quintet haut perch\u00e9 Cr\u00e9atures grandioses Tour \u00e0 tour en mouvement ou investissant une place, Aphrodite, Herm\u00e8s, H\u00e9pha\u00efstos, Dionysos et l\u2019imposant Kronos sont r\u00e9unis pour une promenade \u00e9mouvante et grandiose. Ils ont parcouru les si\u00e8cles au sein de l\u2019humanit\u00e9, incarnant ses d\u00e9fauts comme ses&#8230;<\/p>\n","protected":false},"author":2,"featured_media":0,"parent":0,"menu_order":0,"comment_status":"closed","ping_status":"closed","template":"full_width.php","meta":{"footnotes":""},"class_list":["post-1073","page","type-page","status-publish","hentry"],"_links":{"self":[{"href":"https:\/\/horizonscroises.org\/index.php\/wp-json\/wp\/v2\/pages\/1073","targetHints":{"allow":["GET"]}}],"collection":[{"href":"https:\/\/horizonscroises.org\/index.php\/wp-json\/wp\/v2\/pages"}],"about":[{"href":"https:\/\/horizonscroises.org\/index.php\/wp-json\/wp\/v2\/types\/page"}],"author":[{"embeddable":true,"href":"https:\/\/horizonscroises.org\/index.php\/wp-json\/wp\/v2\/users\/2"}],"replies":[{"embeddable":true,"href":"https:\/\/horizonscroises.org\/index.php\/wp-json\/wp\/v2\/comments?post=1073"}],"version-history":[{"count":20,"href":"https:\/\/horizonscroises.org\/index.php\/wp-json\/wp\/v2\/pages\/1073\/revisions"}],"predecessor-version":[{"id":1624,"href":"https:\/\/horizonscroises.org\/index.php\/wp-json\/wp\/v2\/pages\/1073\/revisions\/1624"}],"wp:attachment":[{"href":"https:\/\/horizonscroises.org\/index.php\/wp-json\/wp\/v2\/media?parent=1073"}],"curies":[{"name":"wp","href":"https:\/\/api.w.org\/{rel}","templated":true}]}}